{"id":33,"date":"2025-08-19T23:19:26","date_gmt":"2025-08-19T21:19:26","guid":{"rendered":"https:\/\/v2.velpro.com.pl\/?page_id=33"},"modified":"2026-01-16T12:14:16","modified_gmt":"2026-01-16T11:14:16","slug":"home","status":"publish","type":"page","link":"https:\/\/v2.velpro.com.pl\/","title":{"rendered":"Home"},"content":{"rendered":"\n<div class=\"wp-block-cover alignfull is-light hestia-clear-top-padding\"><span aria-hidden=\"true\" class=\"wp-block-cover__background has-white-background-color has-background-dim-100 has-background-dim\"><\/span><div class=\"wp-block-cover__inner-container is-layout-flow wp-block-cover-is-layout-flow\">\n<h2 class=\"wp-block-heading has-text-align-center has-text-color\" style=\"color:#3c4858\">Nasza oferta<\/h2>\n\n\n\n<div style=\"height:40px\" aria-hidden=\"true\" class=\"wp-block-spacer\"><\/div>\n\n\n\n<div class=\"wp-block-columns container is-layout-flex wp-container-core-columns-is-layout-28f84493 wp-block-columns-is-layout-flex\">\n<div class=\"wp-block-column is-layout-flow wp-block-column-is-layout-flow\"><div class=\"wp-block-image\">\n<figure class=\"aligncenter size-large\"><img decoding=\"async\" src=\"https:\/\/v2.velpro.com.pl\/wp-content\/themes\/hestia\/assets\/img\/feat1.png\" alt=\"\" class=\"wp-image-70\"\/><\/figure><\/div>\n\n\n<h5 class=\"wp-block-heading has-text-align-center has-text-color\" style=\"color:#3c4858;font-size:18px\">Maszyny na sprzeda\u017c<\/h5>\n\n\n\n<p class=\"has-text-align-center has-text-color\" style=\"color:#999999;font-size:14px\">Nowe i u\u017cywane maszyny w obszarze automatycznego pakowania korespondencji jak np.: kopertuj\u0105ce, pakuj\u0105ce, falcerki, odwijaki i nawijaki &#8211; od kompaktowych po produkcyjne rozwi\u0105zania, m.in. takich producent\u00f3w, jak: Bell &amp; Howell, B\u00f6we, Buhrs, CMC, Kern, MB B\u00e4uerle, Neopost, Pitney Bowes. Zapoznaj si\u0119 z nasz\u0105 ofert\u0105!<\/p>\n\n\n\n<div style=\"height:25px\" aria-hidden=\"true\" class=\"wp-block-spacer\"><\/div>\n<\/div>\n\n\n\n<div class=\"wp-block-column is-layout-flow wp-block-column-is-layout-flow\"><div class=\"wp-block-image\">\n<figure class=\"aligncenter size-large\"><img decoding=\"async\" src=\"https:\/\/v2.velpro.com.pl\/wp-content\/themes\/hestia\/assets\/img\/feat2.png\" alt=\"\" class=\"wp-image-71\"\/><\/figure><\/div>\n\n\n<h5 class=\"wp-block-heading has-text-align-center has-text-color\" style=\"color:#3c4858;font-size:18px\">Cz\u0119\u015b\u0107 zamienne<\/h5>\n\n\n\n<p class=\"has-text-align-center has-text-color\" style=\"color:#999999;font-size:14px\">Oferujemy przede wszystkim oryginalne cz\u0119\u015bci i materia\u0142y eksploatacyjne oraz tylko sprawdzone zamienniki, kt\u00f3re zapewniaj\u0105 d\u0142ug\u0105 \u017cywotno\u015b\u0107 maszyn.<\/p>\n\n\n\n<div style=\"height:25px\" aria-hidden=\"true\" class=\"wp-block-spacer\"><\/div>\n<\/div>\n\n\n\n<div class=\"wp-block-column is-layout-flow wp-block-column-is-layout-flow\"><div class=\"wp-block-image\">\n<figure class=\"aligncenter size-large\"><img decoding=\"async\" src=\"https:\/\/v2.velpro.com.pl\/wp-content\/themes\/hestia\/assets\/img\/feat3.png\" alt=\"\" class=\"wp-image-72\"\/><\/figure><\/div>\n\n\n<h5 class=\"wp-block-heading has-text-align-center has-text-color\" style=\"color:#3c4858;font-size:18px\">Serwis<\/h5>\n\n\n\n<p class=\"has-text-align-center has-text-color\" style=\"color:#999999;font-size:14px\">Profesjonalny serwis i wsparcie techniczne skrojony do potrzeb klienta.<\/p>\n\n\n\n<div style=\"height:25px\" aria-hidden=\"true\" class=\"wp-block-spacer\"><\/div>\n<\/div>\n\n\n\n<div class=\"wp-block-column is-layout-flow wp-block-column-is-layout-flow\"><div class=\"wp-block-image\">\n<figure class=\"aligncenter size-large\"><img decoding=\"async\" src=\"https:\/\/v2.velpro.com.pl\/wp-content\/themes\/hestia\/assets\/img\/feat3.png\" alt=\"\" class=\"wp-image-72\"\/><\/figure><\/div>\n\n\n<h5 class=\"wp-block-heading has-text-align-center has-text-color\" style=\"color:#3c4858;font-size:18px\">Drukarki biurowe &#8211; nowe i poleasingowe<\/h5>\n\n\n\n<p class=\"has-text-align-center has-text-color\" style=\"color:#999999;font-size:14px\">Sprzeda\u017c, serwis drukarek biurowych i wielofunkcyjnych marki Ricoh i Triumph Adler.<\/p>\n\n\n\n<div style=\"height:25px\" aria-hidden=\"true\" class=\"wp-block-spacer\"><\/div>\n<\/div>\n<\/div>\n\n\n\n<div style=\"height:40px\" aria-hidden=\"true\" class=\"wp-block-spacer\"><\/div>\n<\/div><\/div>\n\n\n\n<div class=\"wp-block-columns container is-layout-flex wp-container-core-columns-is-layout-28f84493 wp-block-columns-is-layout-flex\">\n<div class=\"wp-block-column col-md-5 is-layout-flow wp-block-column-is-layout-flow\">\n<div style=\"height:55px\" aria-hidden=\"true\" class=\"wp-block-spacer\"><\/div>\n\n\n\n<h2 class=\"wp-block-heading\">O Velpro<\/h2>\n\n\n\n<p>Firma Velpro zajmuje si\u0119 dostarczaniem optymalnych rozwi\u0105za\u0144 w zakresie automatycznej obs\u0142ugi korespondencji.<\/p>\n\n\n\n<p>Jeste\u015bmy dostawc\u0105 maszyn i urz\u0105dze\u0144 do korespondencji seryjnej i biurowej, a tak\u017ce cz\u0119\u015bci zamiennych <br>i materia\u0142\u00f3w eksploatacyjnych.<\/p>\n\n\n\n<p>Zapewniamy wsparcie dla instytucji publicznych, finansowych, ubezpieczeniowych, jak r\u00f3wnie\u017c dla szeregu firm zar\u00f3wno du\u017cych centr\u00f3w mailingowych (lettershop&#8217;\u00f3w), jak i mniejszych firm \u015bwiadcz\u0105cych us\u0142ugi w zakresie korespondencji seryjnej.<\/p>\n\n\n\n<p>Ka\u017cda firma zmagaj\u0105ca si\u0119 z przygotowywaniem przesy\u0142ek listowych jest w centrum naszego zainteresowania.<\/p>\n\n\n\n<p>Nasz\u0105 ofert\u0119 adresujemy tak\u017ce do firm, kt\u00f3re chc\u0105 rozszerzy\u0107 swoj\u0105 ofert\u0119 o wysy\u0142ki masowe, przygotowywa\u0107 swoj\u0105 korespondencj\u0119 w spos\u00f3b bardziej profesjonalny dodatkowo podwy\u017cszaj\u0105c wygl\u0105d koperty o nadruk adres\u00f3w, log oraz r\u00f3\u017cnorodnych przekaz\u00f3w reklamowych zach\u0119caj\u0105cych do jej otwarcia.<\/p>\n\n\n\n<p>Dostarczamy rozwi\u0105zania, kt\u00f3re pozwalaj\u0105 zaoszcz\u0119dzi\u0107 czas i pieni\u0105dze sprawiaj\u0105c, \u017ce procesy w zakresie wysy\u0142ek s\u0105 efektywniejsze.<\/p>\n\n\n\n<p>Nasz zakres produkt\u00f3w to m.in.: biurowe drukarki i urz\u0105dzenia wielofunkcyjne, falcerki, kopertownice, systemy pakuj\u0105ce w foli\u0119, frankownice, adresarki, otwieraczki do kopert, systemy kamer, systemy etykietuj\u0105ce, podajniki (rotacyjne, wahad\u0142owe, cierne), przekrawacze, odwijaki i nawijaki oraz <br>r\u00f3\u017cnorodne modu\u0142y.<\/p>\n\n\n\n<p><\/p>\n<\/div>\n<\/div>\n\n\n\n<p><\/p>\n","protected":false},"excerpt":{"rendered":"<p>O Velpro Firma Velpro zajmuje si\u0119 dostarczaniem optymalnych rozwi\u0105za\u0144 w zakresie automatycznej obs\u0142ugi korespondencji. Jeste\u015bmy dostawc\u0105 maszyn i urz\u0105dze\u0144 do korespondencji seryjnej i biurowej, a tak\u017ce cz\u0119\u015bci zamiennych i materia\u0142\u00f3w eksploatacyjnych. Zapewniamy wsparcie dla instytucji publicznych, finansowych, ubezpieczeniowych, jak r\u00f3wnie\u017c dla szeregu firm zar\u00f3wno du\u017cych centr\u00f3w mailingowych (lettershop&#8217;\u00f3w), jak i [&hellip;]<\/p>\n","protected":false},"author":1,"featured_media":64,"parent":0,"menu_order":0,"comment_status":"closed","ping_status":"closed","template":"","meta":{"footnotes":""},"class_list":["post-33","page","type-page","status-publish","has-post-thumbnail","hentry"],"_links":{"self":[{"href":"https:\/\/v2.velpro.com.pl\/index.php?rest_route=\/wp\/v2\/pages\/33","targetHints":{"allow":["GET"]}}],"collection":[{"href":"https:\/\/v2.velpro.com.pl\/index.php?rest_route=\/wp\/v2\/pages"}],"about":[{"href":"https:\/\/v2.velpro.com.pl\/index.php?rest_route=\/wp\/v2\/types\/page"}],"author":[{"embeddable":true,"href":"https:\/\/v2.velpro.com.pl\/index.php?rest_route=\/wp\/v2\/users\/1"}],"replies":[{"embeddable":true,"href":"https:\/\/v2.velpro.com.pl\/index.php?rest_route=%2Fwp%2Fv2%2Fcomments&post=33"}],"version-history":[{"count":5,"href":"https:\/\/v2.velpro.com.pl\/index.php?rest_route=\/wp\/v2\/pages\/33\/revisions"}],"predecessor-version":[{"id":68,"href":"https:\/\/v2.velpro.com.pl\/index.php?rest_route=\/wp\/v2\/pages\/33\/revisions\/68"}],"wp:featuredmedia":[{"embeddable":true,"href":"https:\/\/v2.velpro.com.pl\/index.php?rest_route=\/wp\/v2\/media\/64"}],"wp:attachment":[{"href":"https:\/\/v2.velpro.com.pl\/index.php?rest_route=%2Fwp%2Fv2%2Fmedia&parent=33"}],"curies":[{"name":"wp","href":"https:\/\/api.w.org\/{rel}","templated":true}]}}